{"id":1802,"date":"2024-02-19T12:54:56","date_gmt":"2024-02-19T12:54:56","guid":{"rendered":"http:\/\/lisbonsecrets.com\/walking-tours\/"},"modified":"2025-02-11T10:31:19","modified_gmt":"2025-02-11T10:31:19","slug":"walking-tours","status":"publish","type":"page","link":"https:\/\/lisbonsecrets.com\/en\/walking-tours\/","title":{"rendered":"Walking Tours"},"content":{"rendered":"<div class=\"fusion-fullwidth fullwidth-box fusion-builder-row-1 fusion-flex-container has-pattern-background has-mask-background nonhundred-percent-fullwidth non-hundred-percent-height-scrolling\" style=\"--awb-border-radius-top-left:0px;--awb-border-radius-top-right:0px;--awb-border-radius-bottom-right:0px;--awb-border-radius-bottom-left:0px;--awb-margin-top:40px;--awb-flex-wrap:wrap;\" ><div class=\"fusion-builder-row fusion-row fusion-flex-align-items-flex-start fusion-flex-content-wrap\" style=\"max-width:1331.2px;margin-left: calc(-4% \/ 2 );margin-right: calc(-4% \/ 2 );\"><div class=\"fusion-layout-column fusion_builder_column fusion-builder-column-0 fusion_builder_column_1_1 1_1 fusion-flex-column\" style=\"--awb-bg-size:cover;--awb-width-large:100%;--awb-margin-top-large:0px;--awb-spacing-right-large:1.92%;--awb-margin-bottom-large:20px;--awb-spacing-left-large:1.92%;--awb-width-medium:100%;--awb-order-medium:0;--awb-spacing-right-medium:1.92%;--awb-spacing-left-medium:1.92%;--awb-width-small:100%;--awb-order-small:0;--awb-spacing-right-small:1.92%;--awb-spacing-left-small:1.92%;\"><div class=\"fusion-column-wrapper fusion-column-has-shadow fusion-flex-justify-content-flex-start fusion-content-layout-column\"><div class=\"fusion-post-cards fusion-post-cards-1 fusion-grid-archive fusion-grid-columns-4\" style=\"--awb-dots-align:center;--awb-active-filter-border-size:3px;--awb-filters-height:36px;\" data-post-type-label=\"tours\"><ul class=\"fusion-grid fusion-grid-4 fusion-flex-align-items-flex-start fusion-grid-posts-cards\"><li class=\"fusion-layout-column fusion_builder_column fusion-builder-column-1 fusion-flex-column fusion-column-inner-bg-wrapper post-card fusion-grid-column fusion-post-cards-grid-column\" style=\"--awb-inner-bg-blend:overlay;--awb-inner-bg-size:cover;--awb-flex-grow:0;--awb-flex-shrink:0;--awb-flex-grow-medium:0;--awb-flex-shrink-medium:0;--awb-flex-grow-small:0;--awb-flex-shrink-small:0;\" data-scroll-devices=\"small-visibility,medium-visibility,large-visibility\"><span class=\"fusion-column-inner-bg hover-type-none\"><a class=\"fusion-column-anchor\" href=\"https:\/\/lisbonsecrets.com\/en\/tour\/walking-tour-of-lisbon\/\"><span class=\"fusion-column-inner-bg-image\"><\/span><\/a><\/span><div class=\"fusion-column-wrapper fusion-column-has-shadow fusion-flex-justify-content-flex-start fusion-content-layout-column\"><div class=\"fusion-image-element \" style=\"--awb-aspect-ratio:16 \/ 9;--awb-caption-title-font-family:var(--h2_typography-font-family);--awb-caption-title-font-weight:var(--h2_typography-font-weight);--awb-caption-title-font-style:var(--h2_typography-font-style);--awb-caption-title-size:var(--h2_typography-font-size);--awb-caption-title-transform:var(--h2_typography-text-transform);--awb-caption-title-line-height:var(--h2_typography-line-height);--awb-caption-title-letter-spacing:var(--h2_typography-letter-spacing);\"><span class=\" fusion-imageframe imageframe-none imageframe-1 hover-type-zoomin has-aspect-ratio\" style=\"border-radius:20px;\"><img decoding=\"async\" width=\"2560\" height=\"1707\" title=\"paulo-evangelista-Ss3FBqiWwP4-unsplash\" src=\"https:\/\/lisbonsecrets.com\/wp-content\/uploads\/paulo-evangelista-Ss3FBqiWwP4-unsplash-scaled.jpg\" class=\"img-responsive wp-image-135 img-with-aspect-ratio\" data-parent-fit=\"cover\" data-parent-container=\".fusion-image-element\" alt srcset=\"https:\/\/lisbonsecrets.com\/wp-content\/uploads\/paulo-evangelista-Ss3FBqiWwP4-unsplash-200x133.jpg 200w, https:\/\/lisbonsecrets.com\/wp-content\/uploads\/paulo-evangelista-Ss3FBqiWwP4-unsplash-400x267.jpg 400w, https:\/\/lisbonsecrets.com\/wp-content\/uploads\/paulo-evangelista-Ss3FBqiWwP4-unsplash-600x400.jpg 600w, https:\/\/lisbonsecrets.com\/wp-content\/uploads\/paulo-evangelista-Ss3FBqiWwP4-unsplash-800x533.jpg 800w, https:\/\/lisbonsecrets.com\/wp-content\/uploads\/paulo-evangelista-Ss3FBqiWwP4-unsplash-1200x800.jpg 1200w, https:\/\/lisbonsecrets.com\/wp-content\/uploads\/paulo-evangelista-Ss3FBqiWwP4-unsplash-scaled.jpg 2560w\" sizes=\"(max-width: 800px) 100vw, 2560px\" \/><\/span><\/div><div class=\"fusion-title title fusion-title-1 fusion-sep-none fusion-title-text fusion-title-size-four\" style=\"--awb-margin-top-small:10px;--awb-margin-right-small:0px;--awb-margin-bottom-small:10px;--awb-margin-left-small:0px;\"><h4 class=\"fusion-title-heading title-heading-left\" style=\"margin:0;\">Half Day Lisbon<\/h4><\/div><div class=\"fusion-text fusion-text-1\" style=\"--awb-text-color:var(--awb-color7);--awb-text-font-family:&quot;Merriweather&quot;;--awb-text-font-style:italic;--awb-text-font-weight:300;\"><p>Get ready to be guided by a true \u201calfacinha\u201d (little lettuce), the nickname of the inhabitants of Lisbon, and explore the city of the seven hill the best way possible: by foot!<\/p>\n<\/div><\/div><\/li>\n<li class=\"fusion-layout-column fusion_builder_column fusion-builder-column-2 fusion-flex-column fusion-column-inner-bg-wrapper post-card fusion-grid-column fusion-post-cards-grid-column\" style=\"--awb-inner-bg-blend:overlay;--awb-inner-bg-size:cover;--awb-flex-grow:0;--awb-flex-shrink:0;--awb-flex-grow-medium:0;--awb-flex-shrink-medium:0;--awb-flex-grow-small:0;--awb-flex-shrink-small:0;\" data-scroll-devices=\"small-visibility,medium-visibility,large-visibility\"><span class=\"fusion-column-inner-bg hover-type-none\"><a class=\"fusion-column-anchor\" href=\"https:\/\/lisbonsecrets.com\/en\/tour\/jewish-lisbon\/\"><span class=\"fusion-column-inner-bg-image\"><\/span><\/a><\/span><div class=\"fusion-column-wrapper fusion-column-has-shadow fusion-flex-justify-content-flex-start fusion-content-layout-column\"><div class=\"fusion-image-element \" style=\"--awb-aspect-ratio:16 \/ 9;--awb-caption-title-font-family:var(--h2_typography-font-family);--awb-caption-title-font-weight:var(--h2_typography-font-weight);--awb-caption-title-font-style:var(--h2_typography-font-style);--awb-caption-title-size:var(--h2_typography-font-size);--awb-caption-title-transform:var(--h2_typography-text-transform);--awb-caption-title-line-height:var(--h2_typography-line-height);--awb-caption-title-letter-spacing:var(--h2_typography-letter-spacing);\"><span class=\" fusion-imageframe imageframe-none imageframe-2 hover-type-zoomin has-aspect-ratio\" style=\"border-radius:20px;\"><img decoding=\"async\" width=\"2200\" height=\"851\" title=\"cover\" src=\"https:\/\/lisbonsecrets.com\/wp-content\/uploads\/cover.jpg\" class=\"img-responsive wp-image-837 img-with-aspect-ratio\" data-parent-fit=\"cover\" data-parent-container=\".fusion-image-element\" alt srcset=\"https:\/\/lisbonsecrets.com\/wp-content\/uploads\/cover-200x77.jpg 200w, https:\/\/lisbonsecrets.com\/wp-content\/uploads\/cover-400x155.jpg 400w, https:\/\/lisbonsecrets.com\/wp-content\/uploads\/cover-600x232.jpg 600w, https:\/\/lisbonsecrets.com\/wp-content\/uploads\/cover-800x309.jpg 800w, https:\/\/lisbonsecrets.com\/wp-content\/uploads\/cover-1200x464.jpg 1200w, https:\/\/lisbonsecrets.com\/wp-content\/uploads\/cover.jpg 2200w\" sizes=\"(max-width: 800px) 100vw, 2200px\" \/><\/span><\/div><div class=\"fusion-title title fusion-title-2 fusion-sep-none fusion-title-text fusion-title-size-four\" style=\"--awb-margin-top-small:10px;--awb-margin-right-small:0px;--awb-margin-bottom-small:10px;--awb-margin-left-small:0px;\"><h4 class=\"fusion-title-heading title-heading-left\" style=\"margin:0;\">Jewish Lisbon<\/h4><\/div><div class=\"fusion-text fusion-text-2\" style=\"--awb-text-color:var(--awb-color7);--awb-text-font-family:&quot;Merriweather&quot;;--awb-text-font-style:italic;--awb-text-font-weight:300;\"><p>Muitos s\u00e3o os vest\u00edgios da presen\u00e7a judaica em Lisboa at\u00e9 ao s\u00e9culo XV e outros tantos de momentos mais recentes.<\/p>\n<\/div><\/div><\/li>\n<li class=\"fusion-layout-column fusion_builder_column fusion-builder-column-3 fusion-flex-column fusion-column-inner-bg-wrapper post-card fusion-grid-column fusion-post-cards-grid-column\" style=\"--awb-inner-bg-blend:overlay;--awb-inner-bg-size:cover;--awb-flex-grow:0;--awb-flex-shrink:0;--awb-flex-grow-medium:0;--awb-flex-shrink-medium:0;--awb-flex-grow-small:0;--awb-flex-shrink-small:0;\" data-scroll-devices=\"small-visibility,medium-visibility,large-visibility\"><span class=\"fusion-column-inner-bg hover-type-none\"><a class=\"fusion-column-anchor\" href=\"https:\/\/lisbonsecrets.com\/en\/tour\/gastronomic-walking-tour-of-lisbon\/\"><span class=\"fusion-column-inner-bg-image\"><\/span><\/a><\/span><div class=\"fusion-column-wrapper fusion-column-has-shadow fusion-flex-justify-content-flex-start fusion-content-layout-column\"><div class=\"fusion-image-element \" style=\"--awb-aspect-ratio:16 \/ 9;--awb-caption-title-font-family:var(--h2_typography-font-family);--awb-caption-title-font-weight:var(--h2_typography-font-weight);--awb-caption-title-font-style:var(--h2_typography-font-style);--awb-caption-title-size:var(--h2_typography-font-size);--awb-caption-title-transform:var(--h2_typography-text-transform);--awb-caption-title-line-height:var(--h2_typography-line-height);--awb-caption-title-letter-spacing:var(--h2_typography-letter-spacing);\"><span class=\" fusion-imageframe imageframe-none imageframe-3 hover-type-zoomin has-aspect-ratio\" style=\"border-radius:20px;\"><img decoding=\"async\" width=\"2560\" height=\"1952\" title=\"pexels-sof\u00c3\u00ada-rabassa-13631616\" src=\"https:\/\/lisbonsecrets.com\/wp-content\/uploads\/pexels-sofA\u00ada-rabassa-13631616-scaled.jpg\" class=\"img-responsive wp-image-142 img-with-aspect-ratio\" data-parent-fit=\"cover\" data-parent-container=\".fusion-image-element\" alt srcset=\"https:\/\/lisbonsecrets.com\/wp-content\/uploads\/pexels-sofA\u00ada-rabassa-13631616-200x153.jpg 200w, https:\/\/lisbonsecrets.com\/wp-content\/uploads\/pexels-sofA\u00ada-rabassa-13631616-400x305.jpg 400w, https:\/\/lisbonsecrets.com\/wp-content\/uploads\/pexels-sofA\u00ada-rabassa-13631616-600x458.jpg 600w, https:\/\/lisbonsecrets.com\/wp-content\/uploads\/pexels-sofA\u00ada-rabassa-13631616-800x610.jpg 800w, https:\/\/lisbonsecrets.com\/wp-content\/uploads\/pexels-sofA\u00ada-rabassa-13631616-1200x915.jpg 1200w, https:\/\/lisbonsecrets.com\/wp-content\/uploads\/pexels-sofA\u00ada-rabassa-13631616-scaled.jpg 2560w\" sizes=\"(max-width: 800px) 100vw, 2560px\" \/><\/span><\/div><div class=\"fusion-title title fusion-title-3 fusion-sep-none fusion-title-text fusion-title-size-four\" style=\"--awb-margin-top-small:10px;--awb-margin-right-small:0px;--awb-margin-bottom-small:10px;--awb-margin-left-small:0px;\"><h4 class=\"fusion-title-heading title-heading-left\" style=\"margin:0;\">Gastronomic walking tour of Lisbon<\/h4><\/div><div class=\"fusion-text fusion-text-3\" style=\"--awb-text-color:var(--awb-color7);--awb-text-font-family:&quot;Merriweather&quot;;--awb-text-font-style:italic;--awb-text-font-weight:300;\"><p>This tour combines two of our passions: the history of Lisbon and its rich gastronomy! All Portuguese like to gather around the table, to share some food, a drink or a pastry, it\u2019s part of our culture. <\/p>\n<\/div><\/div><\/li>\n<li class=\"fusion-layout-column fusion_builder_column fusion-builder-column-4 fusion-flex-column fusion-column-inner-bg-wrapper post-card fusion-grid-column fusion-post-cards-grid-column\" style=\"--awb-inner-bg-blend:overlay;--awb-inner-bg-size:cover;--awb-flex-grow:0;--awb-flex-shrink:0;--awb-flex-grow-medium:0;--awb-flex-shrink-medium:0;--awb-flex-grow-small:0;--awb-flex-shrink-small:0;\" data-scroll-devices=\"small-visibility,medium-visibility,large-visibility\"><span class=\"fusion-column-inner-bg hover-type-none\"><a class=\"fusion-column-anchor\" href=\"https:\/\/lisbonsecrets.com\/en\/tour\/full-day-walking-tour-of-lisbon\/\"><span class=\"fusion-column-inner-bg-image\"><\/span><\/a><\/span><div class=\"fusion-column-wrapper fusion-column-has-shadow fusion-flex-justify-content-flex-start fusion-content-layout-column\"><div class=\"fusion-image-element \" style=\"--awb-aspect-ratio:16 \/ 9;--awb-caption-title-font-family:var(--h2_typography-font-family);--awb-caption-title-font-weight:var(--h2_typography-font-weight);--awb-caption-title-font-style:var(--h2_typography-font-style);--awb-caption-title-size:var(--h2_typography-font-size);--awb-caption-title-transform:var(--h2_typography-text-transform);--awb-caption-title-line-height:var(--h2_typography-line-height);--awb-caption-title-letter-spacing:var(--h2_typography-letter-spacing);\"><span class=\" fusion-imageframe imageframe-none imageframe-4 hover-type-zoomin has-aspect-ratio\" style=\"border-radius:20px;\"><img decoding=\"async\" width=\"2400\" height=\"1600\" title=\"stevo-2LcVb_eT2dg-unsplash\" src=\"https:\/\/lisbonsecrets.com\/wp-content\/uploads\/stevo-2LcVb_eT2dg-unsplash.jpg\" class=\"img-responsive wp-image-1684 img-with-aspect-ratio\" data-parent-fit=\"cover\" data-parent-container=\".fusion-image-element\" alt srcset=\"https:\/\/lisbonsecrets.com\/wp-content\/uploads\/stevo-2LcVb_eT2dg-unsplash-200x133.jpg 200w, https:\/\/lisbonsecrets.com\/wp-content\/uploads\/stevo-2LcVb_eT2dg-unsplash-400x267.jpg 400w, https:\/\/lisbonsecrets.com\/wp-content\/uploads\/stevo-2LcVb_eT2dg-unsplash-600x400.jpg 600w, https:\/\/lisbonsecrets.com\/wp-content\/uploads\/stevo-2LcVb_eT2dg-unsplash-800x533.jpg 800w, https:\/\/lisbonsecrets.com\/wp-content\/uploads\/stevo-2LcVb_eT2dg-unsplash-1200x800.jpg 1200w, https:\/\/lisbonsecrets.com\/wp-content\/uploads\/stevo-2LcVb_eT2dg-unsplash.jpg 2400w\" sizes=\"(max-width: 800px) 100vw, 2400px\" \/><\/span><\/div><div class=\"fusion-title title fusion-title-4 fusion-sep-none fusion-title-text fusion-title-size-four\" style=\"--awb-margin-top-small:10px;--awb-margin-right-small:0px;--awb-margin-bottom-small:10px;--awb-margin-left-small:0px;\"><h4 class=\"fusion-title-heading title-heading-left\" style=\"margin:0;\">Full Day Lisbon<\/h4><\/div><div class=\"fusion-text fusion-text-4\" style=\"--awb-text-color:var(--awb-color7);--awb-text-font-family:&quot;Merriweather&quot;;--awb-text-font-style:italic;--awb-text-font-weight:300;\"><p>To really know a city, you have to feel it: listen to it, smell it and go through its streets, to meet some of its local inhabitants and to taste some of its flavors.<\/p>\n<\/div><\/div><\/li>\n<\/ul><\/div><\/div><\/div><\/div><\/div>\n","protected":false},"excerpt":{"rendered":"","protected":false},"author":1,"featured_media":923,"parent":0,"menu_order":0,"comment_status":"closed","ping_status":"closed","template":"100-width.php","meta":{"_acf_changed":false,"footnotes":""},"class_list":["post-1802","page","type-page","status-publish","has-post-thumbnail","hentry"],"acf":[],"_links":{"self":[{"href":"https:\/\/lisbonsecrets.com\/en\/wp-json\/wp\/v2\/pages\/1802","targetHints":{"allow":["GET"]}}],"collection":[{"href":"https:\/\/lisbonsecrets.com\/en\/wp-json\/wp\/v2\/pages"}],"about":[{"href":"https:\/\/lisbonsecrets.com\/en\/wp-json\/wp\/v2\/types\/page"}],"author":[{"embeddable":true,"href":"https:\/\/lisbonsecrets.com\/en\/wp-json\/wp\/v2\/users\/1"}],"replies":[{"embeddable":true,"href":"https:\/\/lisbonsecrets.com\/en\/wp-json\/wp\/v2\/comments?post=1802"}],"version-history":[{"count":6,"href":"https:\/\/lisbonsecrets.com\/en\/wp-json\/wp\/v2\/pages\/1802\/revisions"}],"predecessor-version":[{"id":2966,"href":"https:\/\/lisbonsecrets.com\/en\/wp-json\/wp\/v2\/pages\/1802\/revisions\/2966"}],"wp:featuredmedia":[{"embeddable":true,"href":"https:\/\/lisbonsecrets.com\/en\/wp-json\/wp\/v2\/media\/923"}],"wp:attachment":[{"href":"https:\/\/lisbonsecrets.com\/en\/wp-json\/wp\/v2\/media?parent=1802"}],"curies":[{"name":"wp","href":"https:\/\/api.w.org\/{rel}","templated":true}]}}