{"id":1810,"date":"2024-03-13T16:05:33","date_gmt":"2024-03-13T16:05:33","guid":{"rendered":"http:\/\/lisbonsecrets.com\/wine-tours\/"},"modified":"2024-09-25T12:35:11","modified_gmt":"2024-09-25T11:35:11","slug":"wine-tours","status":"publish","type":"page","link":"https:\/\/lisbonsecrets.com\/es\/wine-tours\/","title":{"rendered":"Wine Tours"},"content":{"rendered":"<div class=\"fusion-fullwidth fullwidth-box fusion-builder-row-1 fusion-flex-container has-pattern-background has-mask-background nonhundred-percent-fullwidth non-hundred-percent-height-scrolling\" style=\"--awb-border-radius-top-left:0px;--awb-border-radius-top-right:0px;--awb-border-radius-bottom-right:0px;--awb-border-radius-bottom-left:0px;--awb-margin-top:40px;--awb-flex-wrap:wrap;\" ><div class=\"fusion-builder-row fusion-row fusion-flex-align-items-flex-start fusion-flex-content-wrap\" style=\"max-width:1331.2px;margin-left: calc(-4% \/ 2 );margin-right: calc(-4% \/ 2 );\"><div class=\"fusion-layout-column fusion_builder_column fusion-builder-column-0 fusion_builder_column_1_1 1_1 fusion-flex-column\" style=\"--awb-bg-size:cover;--awb-width-large:100%;--awb-margin-top-large:0px;--awb-spacing-right-large:1.92%;--awb-margin-bottom-large:20px;--awb-spacing-left-large:1.92%;--awb-width-medium:100%;--awb-order-medium:0;--awb-spacing-right-medium:1.92%;--awb-spacing-left-medium:1.92%;--awb-width-small:100%;--awb-order-small:0;--awb-spacing-right-small:1.92%;--awb-spacing-left-small:1.92%;\"><div class=\"fusion-column-wrapper fusion-column-has-shadow fusion-flex-justify-content-flex-start fusion-content-layout-column\"><div class=\"fusion-post-cards fusion-post-cards-1 fusion-grid-archive fusion-grid-columns-4\" style=\"--awb-dots-align:center;--awb-active-filter-border-size:3px;--awb-filters-height:36px;\" data-post-type-label=\"tours\"><ul class=\"fusion-grid fusion-grid-4 fusion-flex-align-items-flex-start fusion-grid-posts-cards\"><li class=\"fusion-layout-column fusion_builder_column fusion-builder-column-1 fusion-flex-column fusion-column-inner-bg-wrapper post-card fusion-grid-column fusion-post-cards-grid-column\" style=\"--awb-inner-bg-blend:overlay;--awb-inner-bg-size:cover;--awb-flex-grow:0;--awb-flex-shrink:0;--awb-flex-grow-medium:0;--awb-flex-shrink-medium:0;--awb-flex-grow-small:0;--awb-flex-shrink-small:0;\" data-scroll-devices=\"small-visibility,medium-visibility,large-visibility\"><span class=\"fusion-column-inner-bg hover-type-none\"><a class=\"fusion-column-anchor\" href=\"https:\/\/lisbonsecrets.com\/es\/tour\/mafra-quinta-de-santana-y-sobreiro\/\"><span class=\"fusion-column-inner-bg-image\"><\/span><\/a><\/span><div class=\"fusion-column-wrapper fusion-column-has-shadow fusion-flex-justify-content-flex-start fusion-content-layout-column\"><div class=\"fusion-image-element \" style=\"--awb-aspect-ratio:16 \/ 9;--awb-caption-title-font-family:var(--h2_typography-font-family);--awb-caption-title-font-weight:var(--h2_typography-font-weight);--awb-caption-title-font-style:var(--h2_typography-font-style);--awb-caption-title-size:var(--h2_typography-font-size);--awb-caption-title-transform:var(--h2_typography-text-transform);--awb-caption-title-line-height:var(--h2_typography-line-height);--awb-caption-title-letter-spacing:var(--h2_typography-letter-spacing);\"><span class=\" fusion-imageframe imageframe-none imageframe-1 hover-type-zoomin has-aspect-ratio\" style=\"border-radius:20px;\"><img decoding=\"async\" width=\"2560\" height=\"1706\" title=\"capa\" src=\"https:\/\/lisbonsecrets.com\/wp-content\/uploads\/capa-5.jpg\" class=\"img-responsive wp-image-1141 img-with-aspect-ratio\" data-parent-fit=\"cover\" data-parent-container=\".fusion-image-element\" alt srcset=\"https:\/\/lisbonsecrets.com\/wp-content\/uploads\/capa-5-200x133.jpg 200w, https:\/\/lisbonsecrets.com\/wp-content\/uploads\/capa-5-400x267.jpg 400w, https:\/\/lisbonsecrets.com\/wp-content\/uploads\/capa-5-600x400.jpg 600w, https:\/\/lisbonsecrets.com\/wp-content\/uploads\/capa-5-800x533.jpg 800w, https:\/\/lisbonsecrets.com\/wp-content\/uploads\/capa-5-1200x800.jpg 1200w, https:\/\/lisbonsecrets.com\/wp-content\/uploads\/capa-5.jpg 2560w\" sizes=\"(max-width: 800px) 100vw, 2560px\" \/><\/span><\/div><div class=\"fusion-title title fusion-title-1 fusion-sep-none fusion-title-text fusion-title-size-four\" style=\"--awb-margin-top-small:10px;--awb-margin-right-small:0px;--awb-margin-bottom-small:10px;--awb-margin-left-small:0px;\"><h4 class=\"fusion-title-heading title-heading-left\" style=\"margin:0;\">Mafra, Quinta de Santana y Sobreiro<\/h4><\/div><div class=\"fusion-text fusion-text-1\" style=\"--awb-text-color:var(--awb-color7);--awb-text-font-family:&quot;Merriweather&quot;;--awb-text-font-style:italic;--awb-text-font-weight:300;\"><p>Este tour combina el Portugal rural de la regi\u00f3n saloia en las afueras de Lisboa, la imponencia de uno de los m\u00e1s importantes monumentos del pa\u00eds \u2013 el Convento de Mafra y una visita a la Quinta de Santana para una cata de sus vinos.<\/p>\n<\/div><\/div><\/li>\n<li class=\"fusion-layout-column fusion_builder_column fusion-builder-column-2 fusion-flex-column fusion-column-inner-bg-wrapper post-card fusion-grid-column fusion-post-cards-grid-column\" style=\"--awb-inner-bg-blend:overlay;--awb-inner-bg-size:cover;--awb-flex-grow:0;--awb-flex-shrink:0;--awb-flex-grow-medium:0;--awb-flex-shrink-medium:0;--awb-flex-grow-small:0;--awb-flex-shrink-small:0;\" data-scroll-devices=\"small-visibility,medium-visibility,large-visibility\"><span class=\"fusion-column-inner-bg hover-type-none\"><a class=\"fusion-column-anchor\" href=\"https:\/\/lisbonsecrets.com\/es\/tour\/evora-con-cartuxa\/\"><span class=\"fusion-column-inner-bg-image\"><\/span><\/a><\/span><div class=\"fusion-column-wrapper fusion-column-has-shadow fusion-flex-justify-content-flex-start fusion-content-layout-column\"><div class=\"fusion-image-element \" style=\"--awb-aspect-ratio:16 \/ 9;--awb-caption-title-font-family:var(--h2_typography-font-family);--awb-caption-title-font-weight:var(--h2_typography-font-weight);--awb-caption-title-font-style:var(--h2_typography-font-style);--awb-caption-title-size:var(--h2_typography-font-size);--awb-caption-title-transform:var(--h2_typography-text-transform);--awb-caption-title-line-height:var(--h2_typography-line-height);--awb-caption-title-letter-spacing:var(--h2_typography-letter-spacing);\"><span class=\" fusion-imageframe imageframe-none imageframe-2 hover-type-zoomin has-aspect-ratio\" style=\"border-radius:20px;\"><img decoding=\"async\" width=\"2560\" height=\"852\" title=\"cartuxacapa\" src=\"https:\/\/lisbonsecrets.com\/wp-content\/uploads\/cartuxacapa-scaled.jpg\" class=\"img-responsive wp-image-1115 img-with-aspect-ratio\" data-parent-fit=\"cover\" data-parent-container=\".fusion-image-element\" alt srcset=\"https:\/\/lisbonsecrets.com\/wp-content\/uploads\/cartuxacapa-200x67.jpg 200w, https:\/\/lisbonsecrets.com\/wp-content\/uploads\/cartuxacapa-400x133.jpg 400w, https:\/\/lisbonsecrets.com\/wp-content\/uploads\/cartuxacapa-600x200.jpg 600w, https:\/\/lisbonsecrets.com\/wp-content\/uploads\/cartuxacapa-800x266.jpg 800w, https:\/\/lisbonsecrets.com\/wp-content\/uploads\/cartuxacapa-1200x399.jpg 1200w, https:\/\/lisbonsecrets.com\/wp-content\/uploads\/cartuxacapa-scaled.jpg 2560w\" sizes=\"(max-width: 800px) 100vw, 2560px\" \/><\/span><\/div><div class=\"fusion-title title fusion-title-2 fusion-sep-none fusion-title-text fusion-title-size-four\" style=\"--awb-margin-top-small:10px;--awb-margin-right-small:0px;--awb-margin-bottom-small:10px;--awb-margin-left-small:0px;\"><h4 class=\"fusion-title-heading title-heading-left\" style=\"margin:0;\">\u00c9vora con Cartuxa<\/h4><\/div><div class=\"fusion-text fusion-text-2\" style=\"--awb-text-color:var(--awb-color7);--awb-text-font-family:&quot;Merriweather&quot;;--awb-text-font-style:italic;--awb-text-font-weight:300;\"><p>Exploraremos el Alentejo, la regi\u00f3n m\u00e1s grande de Portugal, compuesta por llanuras doradas salpicadas de alcornoques, encinas y olivos.<\/p>\n<\/div><\/div><\/li>\n<\/ul><\/div><\/div><\/div><\/div><\/div>\n","protected":false},"excerpt":{"rendered":"","protected":false},"author":1,"featured_media":1156,"parent":0,"menu_order":0,"comment_status":"closed","ping_status":"closed","template":"100-width.php","meta":{"_acf_changed":false,"footnotes":""},"class_list":["post-1810","page","type-page","status-publish","has-post-thumbnail","hentry"],"acf":[],"_links":{"self":[{"href":"https:\/\/lisbonsecrets.com\/es\/wp-json\/wp\/v2\/pages\/1810","targetHints":{"allow":["GET"]}}],"collection":[{"href":"https:\/\/lisbonsecrets.com\/es\/wp-json\/wp\/v2\/pages"}],"about":[{"href":"https:\/\/lisbonsecrets.com\/es\/wp-json\/wp\/v2\/types\/page"}],"author":[{"embeddable":true,"href":"https:\/\/lisbonsecrets.com\/es\/wp-json\/wp\/v2\/users\/1"}],"replies":[{"embeddable":true,"href":"https:\/\/lisbonsecrets.com\/es\/wp-json\/wp\/v2\/comments?post=1810"}],"version-history":[{"count":2,"href":"https:\/\/lisbonsecrets.com\/es\/wp-json\/wp\/v2\/pages\/1810\/revisions"}],"predecessor-version":[{"id":2852,"href":"https:\/\/lisbonsecrets.com\/es\/wp-json\/wp\/v2\/pages\/1810\/revisions\/2852"}],"wp:featuredmedia":[{"embeddable":true,"href":"https:\/\/lisbonsecrets.com\/es\/wp-json\/wp\/v2\/media\/1156"}],"wp:attachment":[{"href":"https:\/\/lisbonsecrets.com\/es\/wp-json\/wp\/v2\/media?parent=1810"}],"curies":[{"name":"wp","href":"https:\/\/api.w.org\/{rel}","templated":true}]}}