{"id":1752,"date":"2024-02-19T13:00:47","date_gmt":"2024-02-19T13:00:47","guid":{"rendered":"http:\/\/lisbonsecrets.com\/qui-sommes-nous\/"},"modified":"2025-01-31T17:56:53","modified_gmt":"2025-01-31T17:56:53","slug":"qui-sommes-nous","status":"publish","type":"page","link":"https:\/\/lisbonsecrets.com\/fr\/qui-sommes-nous\/","title":{"rendered":"Qui sommes-nous?"},"content":{"rendered":"<div class=\"fusion-fullwidth fullwidth-box fusion-builder-row-1 fusion-flex-container has-pattern-background has-mask-background nonhundred-percent-fullwidth non-hundred-percent-height-scrolling\" style=\"--awb-border-radius-top-left:0px;--awb-border-radius-top-right:0px;--awb-border-radius-bottom-right:0px;--awb-border-radius-bottom-left:0px;--awb-flex-wrap:wrap;\" ><div class=\"fusion-builder-row fusion-row fusion-flex-align-items-flex-start fusion-flex-justify-content-space-between fusion-flex-content-wrap\" style=\"max-width:1331.2px;margin-left: calc(-4% \/ 2 );margin-right: calc(-4% \/ 2 );\"><div class=\"fusion-layout-column fusion_builder_column fusion-builder-column-0 fusion_builder_column_3_5 3_5 fusion-flex-column\" style=\"--awb-bg-size:cover;--awb-width-large:60%;--awb-margin-top-large:0px;--awb-spacing-right-large:3.2%;--awb-margin-bottom-large:20px;--awb-spacing-left-large:3.2%;--awb-width-medium:60%;--awb-order-medium:0;--awb-spacing-right-medium:3.2%;--awb-spacing-left-medium:3.2%;--awb-width-small:100%;--awb-order-small:0;--awb-spacing-right-small:1.92%;--awb-spacing-left-small:1.92%;\"><div class=\"fusion-column-wrapper fusion-column-has-shadow fusion-flex-justify-content-flex-start fusion-content-layout-column\"><div class=\"fusion-text fusion-text-1\"><p>Nous sommes une \u00e9quipe de guides dynamiques et cr\u00e9atifs, engag\u00e9s dans la mission de proposer une exp\u00e9rience personnelle et authentique \u00e0 nos visiteurs.<\/p>\n<p>Notre formation sup\u00e9rieure en information touristique nous a permis de travailler partout dans le pays, en collaboration avec plusieurs op\u00e9rateurs touristiques. Nos exp\u00e9riences professionnelles et personnelles nous ont montr\u00e9 \u00e0 quel point il est important de donner un service personnalis\u00e9 et de qualit\u00e9 \u00e0 nos clients. <\/p>\n<p>Rien ne nous pourrait donner plus de plaisir que de partager avec vous les traditions mill\u00e9naires de notre pays, le talent et la force du peuple portugais, l\u2019explosion de saveurs de notre gastronomie et de nos vins.<\/p>\n<p>Nous aimons notre pays et nous souhaiterons partager cette passion avec vous!<\/p>\n<\/div><div class=\"fusion-separator fusion-full-width-sep\" style=\"align-self: center;margin-left: auto;margin-right: auto;margin-top:40px;width:100%;\"><\/div><div class=\"fusion-title title fusion-title-1 fusion-title-text fusion-title-size-three\" style=\"--awb-margin-bottom:40px;--awb-margin-top-small:10px;--awb-margin-right-small:0px;--awb-margin-bottom-small:10px;--awb-margin-left-small:0px;--awb-sep-color:var(--awb-color5);\"><div class=\"title-sep-container title-sep-container-left fusion-no-large-visibility fusion-no-medium-visibility fusion-no-small-visibility\"><div class=\"title-sep sep-single sep-dotted\" style=\"border-color:var(--awb-color5);\"><\/div><\/div><span class=\"awb-title-spacer fusion-no-large-visibility fusion-no-medium-visibility fusion-no-small-visibility\"><\/span><h3 class=\"fusion-title-heading title-heading-left\" style=\"margin:0;\">Notre flotte<\/h3><span class=\"awb-title-spacer\"><\/span><div class=\"title-sep-container title-sep-container-right\"><div class=\"title-sep sep-single sep-dotted\" style=\"border-color:var(--awb-color5);\"><\/div><\/div><\/div><div class=\"fusion-text fusion-text-2\"><p>Nous voulons que vous voyagiez avec confort et style, c&rsquo;est pourquoi nous vous proposons les luxueux mod\u00e8les de la marque Mercedes-Benz : Classe E, Viano et Sprinter.<\/p>\n<\/div><div class=\"awb-gallery-wrapper awb-gallery-wrapper-1 button-span-no\" style=\"--more-btn-alignment:center;\"><div style=\"margin:-5px;--awb-bordersize:0px;--awb-caption-border-color:rgba(255,255,255,0);--awb-caption-overlay-color:var(--awb-color7);\" class=\"fusion-gallery fusion-gallery-container fusion-grid-2 fusion-columns-total-6 fusion-gallery-layout-grid fusion-gallery-1\"><div style=\"padding:5px;\" class=\"fusion-grid-column fusion-gallery-column fusion-gallery-column-2\"><div class=\"fusion-gallery-image awb-imageframe-style awb-imageframe-style-dario\"><a href=\"https:\/\/lisbonsecrets.com\/wp-content\/uploads\/Mercedes-Sprinter-1.jpg\" data-caption=\"Mercedes-Sprinter\" rel=\"noreferrer\" data-rel=\"iLightbox[gallery_image_1]\" class=\"fusion-lightbox\" target=\"_self\"><img decoding=\"async\" src=\"https:\/\/lisbonsecrets.com\/wp-content\/uploads\/Mercedes-Sprinter-1.jpg\" width=\"1600\" height=\"900\" alt=\"\" title=\"Mercedes-Sprinter\" aria-label=\"Mercedes-Sprinter\" class=\"img-responsive wp-image-2934\" srcset=\"https:\/\/lisbonsecrets.com\/wp-content\/uploads\/Mercedes-Sprinter-1-200x113.jpg 200w, https:\/\/lisbonsecrets.com\/wp-content\/uploads\/Mercedes-Sprinter-1-400x225.jpg 400w, https:\/\/lisbonsecrets.com\/wp-content\/uploads\/Mercedes-Sprinter-1-600x338.jpg 600w, https:\/\/lisbonsecrets.com\/wp-content\/uploads\/Mercedes-Sprinter-1-800x450.jpg 800w, https:\/\/lisbonsecrets.com\/wp-content\/uploads\/Mercedes-Sprinter-1-1200x675.jpg 1200w, https:\/\/lisbonsecrets.com\/wp-content\/uploads\/Mercedes-Sprinter-1.jpg 1600w\" sizes=\"(min-width: 2200px) 100vw, (min-width: 712px) 638px, (min-width: 640px) 712px, \" \/><div class=\"awb-imageframe-caption-container\"><div class=\"awb-imageframe-caption\"><h2 class=\"awb-imageframe-caption-title\">Mercedes-Sprinter<\/h2><p class=\"awb-imageframe-caption-text\">Mercedes-Sprinter<\/p><\/div><\/div><\/a><\/div><\/div><div style=\"padding:5px;\" class=\"fusion-grid-column fusion-gallery-column fusion-gallery-column-2\"><div class=\"fusion-gallery-image awb-imageframe-style awb-imageframe-style-dario\"><a href=\"https:\/\/lisbonsecrets.com\/wp-content\/uploads\/Mercedes-V-class-7-seats-scaled-1.jpg\" data-caption=\"Mercedes-V-class-7-seats-scaled\" rel=\"noreferrer\" data-rel=\"iLightbox[gallery_image_1]\" class=\"fusion-lightbox\" target=\"_self\"><img decoding=\"async\" src=\"https:\/\/lisbonsecrets.com\/wp-content\/uploads\/Mercedes-V-class-7-seats-scaled-1.jpg\" width=\"2560\" height=\"1920\" alt=\"\" title=\"Mercedes-V-class-7-seats-scaled\" aria-label=\"Mercedes-V-class-7-seats-scaled\" class=\"img-responsive wp-image-2929\" srcset=\"https:\/\/lisbonsecrets.com\/wp-content\/uploads\/Mercedes-V-class-7-seats-scaled-1-200x150.jpg 200w, https:\/\/lisbonsecrets.com\/wp-content\/uploads\/Mercedes-V-class-7-seats-scaled-1-400x300.jpg 400w, https:\/\/lisbonsecrets.com\/wp-content\/uploads\/Mercedes-V-class-7-seats-scaled-1-600x450.jpg 600w, https:\/\/lisbonsecrets.com\/wp-content\/uploads\/Mercedes-V-class-7-seats-scaled-1-800x600.jpg 800w, https:\/\/lisbonsecrets.com\/wp-content\/uploads\/Mercedes-V-class-7-seats-scaled-1-1200x900.jpg 1200w, https:\/\/lisbonsecrets.com\/wp-content\/uploads\/Mercedes-V-class-7-seats-scaled-1.jpg 2560w\" sizes=\"(min-width: 2200px) 100vw, (min-width: 712px) 638px, (min-width: 640px) 712px, \" \/><div class=\"awb-imageframe-caption-container\"><div class=\"awb-imageframe-caption\"><h2 class=\"awb-imageframe-caption-title\">Mercedes-V-class-7-seats-scaled<\/h2><p class=\"awb-imageframe-caption-text\">Mercedes-V-class-7-seats-scaled<\/p><\/div><\/div><\/a><\/div><\/div><div class=\"clearfix\"><\/div><div style=\"padding:5px;\" class=\"fusion-grid-column fusion-gallery-column fusion-gallery-column-2\"><div class=\"fusion-gallery-image awb-imageframe-style awb-imageframe-style-dario\"><a href=\"https:\/\/lisbonsecrets.com\/wp-content\/uploads\/PHOTO-E-1-1.jpg\" data-caption=\"PHOTO-E-\" rel=\"noreferrer\" data-rel=\"iLightbox[gallery_image_1]\" class=\"fusion-lightbox\" target=\"_self\"><img decoding=\"async\" src=\"https:\/\/lisbonsecrets.com\/wp-content\/uploads\/PHOTO-E-1-1.jpg\" width=\"768\" height=\"1024\" alt=\"\" title=\"PHOTO-E-\" aria-label=\"PHOTO-E-\" class=\"img-responsive wp-image-2924\" srcset=\"https:\/\/lisbonsecrets.com\/wp-content\/uploads\/PHOTO-E-1-1-200x267.jpg 200w, https:\/\/lisbonsecrets.com\/wp-content\/uploads\/PHOTO-E-1-1-400x533.jpg 400w, https:\/\/lisbonsecrets.com\/wp-content\/uploads\/PHOTO-E-1-1-600x800.jpg 600w, https:\/\/lisbonsecrets.com\/wp-content\/uploads\/PHOTO-E-1-1.jpg 768w\" sizes=\"(min-width: 2200px) 100vw, (min-width: 712px) 638px, (min-width: 640px) 712px, \" \/><div class=\"awb-imageframe-caption-container\"><div class=\"awb-imageframe-caption\"><h2 class=\"awb-imageframe-caption-title\">PHOTO-E-<\/h2><p class=\"awb-imageframe-caption-text\">PHOTO-E-<\/p><\/div><\/div><\/a><\/div><\/div><div style=\"padding:5px;\" class=\"fusion-grid-column fusion-gallery-column fusion-gallery-column-2\"><div class=\"fusion-gallery-image awb-imageframe-style awb-imageframe-style-dario\"><a href=\"https:\/\/lisbonsecrets.com\/wp-content\/uploads\/Mercedes-Sprinter-interior-1.jpg\" data-caption=\"Mercedes Sprinter interior 1\" rel=\"noreferrer\" data-rel=\"iLightbox[gallery_image_1]\" class=\"fusion-lightbox\" target=\"_self\"><img decoding=\"async\" src=\"https:\/\/lisbonsecrets.com\/wp-content\/uploads\/Mercedes-Sprinter-interior-1.jpg\" width=\"768\" height=\"1024\" alt=\"\" title=\"Mercedes Sprinter interior 1\" aria-label=\"Mercedes Sprinter interior 1\" class=\"img-responsive wp-image-1913\" srcset=\"https:\/\/lisbonsecrets.com\/wp-content\/uploads\/Mercedes-Sprinter-interior-1-200x267.jpg 200w, https:\/\/lisbonsecrets.com\/wp-content\/uploads\/Mercedes-Sprinter-interior-1-400x533.jpg 400w, https:\/\/lisbonsecrets.com\/wp-content\/uploads\/Mercedes-Sprinter-interior-1-600x800.jpg 600w, https:\/\/lisbonsecrets.com\/wp-content\/uploads\/Mercedes-Sprinter-interior-1.jpg 768w\" sizes=\"(min-width: 2200px) 100vw, (min-width: 712px) 638px, (min-width: 640px) 712px, \" \/><div class=\"awb-imageframe-caption-container\"><div class=\"awb-imageframe-caption\"><h2 class=\"awb-imageframe-caption-title\">Mercedes Sprinter interior 1<\/h2><p class=\"awb-imageframe-caption-text\">Mercedes Sprinter interior 1<\/p><\/div><\/div><\/a><\/div><\/div><div class=\"clearfix\"><\/div><div style=\"padding:5px;\" class=\"fusion-grid-column fusion-gallery-column fusion-gallery-column-2\"><div class=\"fusion-gallery-image awb-imageframe-style awb-imageframe-style-dario\"><a href=\"https:\/\/lisbonsecrets.com\/wp-content\/uploads\/Mercedes-Sprinter-9.jpg\" data-caption=\"Mercedes Sprinter 9\" rel=\"noreferrer\" data-rel=\"iLightbox[gallery_image_1]\" class=\"fusion-lightbox\" target=\"_self\"><img decoding=\"async\" src=\"https:\/\/lisbonsecrets.com\/wp-content\/uploads\/Mercedes-Sprinter-9.jpg\" width=\"1600\" height=\"1200\" alt=\"\" title=\"Mercedes Sprinter 9\" aria-label=\"Mercedes Sprinter 9\" class=\"img-responsive wp-image-1908\" srcset=\"https:\/\/lisbonsecrets.com\/wp-content\/uploads\/Mercedes-Sprinter-9-200x150.jpg 200w, https:\/\/lisbonsecrets.com\/wp-content\/uploads\/Mercedes-Sprinter-9-400x300.jpg 400w, https:\/\/lisbonsecrets.com\/wp-content\/uploads\/Mercedes-Sprinter-9-600x450.jpg 600w, https:\/\/lisbonsecrets.com\/wp-content\/uploads\/Mercedes-Sprinter-9-800x600.jpg 800w, https:\/\/lisbonsecrets.com\/wp-content\/uploads\/Mercedes-Sprinter-9-1200x900.jpg 1200w, https:\/\/lisbonsecrets.com\/wp-content\/uploads\/Mercedes-Sprinter-9.jpg 1600w\" sizes=\"(min-width: 2200px) 100vw, (min-width: 712px) 638px, (min-width: 640px) 712px, \" \/><div class=\"awb-imageframe-caption-container\"><div class=\"awb-imageframe-caption\"><h2 class=\"awb-imageframe-caption-title\">Mercedes Sprinter 9<\/h2><p class=\"awb-imageframe-caption-text\">Mercedes Sprinter 9<\/p><\/div><\/div><\/a><\/div><\/div><div style=\"padding:5px;\" class=\"fusion-grid-column fusion-gallery-column fusion-gallery-column-2\"><div class=\"fusion-gallery-image awb-imageframe-style awb-imageframe-style-dario\"><a href=\"https:\/\/lisbonsecrets.com\/wp-content\/uploads\/V-class-interior-scaled.jpg\" data-caption=\"V class interior\" rel=\"noreferrer\" data-rel=\"iLightbox[gallery_image_1]\" class=\"fusion-lightbox\" target=\"_self\"><img decoding=\"async\" src=\"https:\/\/lisbonsecrets.com\/wp-content\/uploads\/V-class-interior-scaled.jpg\" width=\"2560\" height=\"1920\" alt=\"\" title=\"V class interior\" aria-label=\"V class interior\" class=\"img-responsive wp-image-1893\" srcset=\"https:\/\/lisbonsecrets.com\/wp-content\/uploads\/V-class-interior-200x150.jpg 200w, https:\/\/lisbonsecrets.com\/wp-content\/uploads\/V-class-interior-400x300.jpg 400w, https:\/\/lisbonsecrets.com\/wp-content\/uploads\/V-class-interior-600x450.jpg 600w, https:\/\/lisbonsecrets.com\/wp-content\/uploads\/V-class-interior-800x600.jpg 800w, https:\/\/lisbonsecrets.com\/wp-content\/uploads\/V-class-interior-1200x900.jpg 1200w, https:\/\/lisbonsecrets.com\/wp-content\/uploads\/V-class-interior-scaled.jpg 2560w\" sizes=\"(min-width: 2200px) 100vw, (min-width: 712px) 638px, (min-width: 640px) 712px, \" \/><div class=\"awb-imageframe-caption-container\"><div class=\"awb-imageframe-caption\"><h2 class=\"awb-imageframe-caption-title\">V class interior<\/h2><p class=\"awb-imageframe-caption-text\">V class interior<\/p><\/div><\/div><\/a><\/div><\/div><div class=\"clearfix\"><\/div><\/div><\/div><\/div><\/div><div class=\"fusion-layout-column fusion_builder_column fusion-builder-column-1 fusion_builder_column_1_4 1_4 fusion-flex-column\" style=\"--awb-bg-size:cover;--awb-width-large:25%;--awb-margin-top-large:0px;--awb-spacing-right-large:7.68%;--awb-margin-bottom-large:20px;--awb-spacing-left-large:7.68%;--awb-width-medium:25%;--awb-order-medium:0;--awb-spacing-right-medium:7.68%;--awb-spacing-left-medium:7.68%;--awb-width-small:100%;--awb-order-small:0;--awb-spacing-right-small:1.92%;--awb-spacing-left-small:1.92%;\"><div class=\"fusion-column-wrapper fusion-column-has-shadow fusion-flex-justify-content-flex-start fusion-content-layout-column\">\n<div id=\"TA_selfserveprop657\" class=\"TA_selfserveprop\">\n<ul id=\"zgXpRYjJlrDz\" class=\"TA_links d9qzqs\">\n<li id=\"mBOY5mzpM4\" class=\"1aBoRm\">\n<a target=\"_blank\" href=\"http:\/\/www.tripadvisor.com.br\/\"><img decoding=\"async\" src=\"https:\/\/www.tripadvisor.com.br\/img\/cdsi\/img2\/branding\/150_logo-11900-2.png\" alt=\"TripAdvisor\"><\/a>\n<\/li>\n<\/ul>\n<\/div>\n<p><script src=\"https:\/\/www.jscache.com\/wejs?wtype=selfserveprop&uniq=657&locationId=3592595&lang=pt&rating=true&nreviews=5&writereviewlink=true&popIdx=true&iswide=false&border=true\"><\/script><\/div><\/div><\/div><\/div>\n","protected":false},"excerpt":{"rendered":"","protected":false},"author":1,"featured_media":410,"parent":0,"menu_order":0,"comment_status":"closed","ping_status":"closed","template":"100-width.php","meta":{"_acf_changed":false,"footnotes":""},"class_list":["post-1752","page","type-page","status-publish","has-post-thumbnail","hentry"],"acf":[],"_links":{"self":[{"href":"https:\/\/lisbonsecrets.com\/fr\/wp-json\/wp\/v2\/pages\/1752","targetHints":{"allow":["GET"]}}],"collection":[{"href":"https:\/\/lisbonsecrets.com\/fr\/wp-json\/wp\/v2\/pages"}],"about":[{"href":"https:\/\/lisbonsecrets.com\/fr\/wp-json\/wp\/v2\/types\/page"}],"author":[{"embeddable":true,"href":"https:\/\/lisbonsecrets.com\/fr\/wp-json\/wp\/v2\/users\/1"}],"replies":[{"embeddable":true,"href":"https:\/\/lisbonsecrets.com\/fr\/wp-json\/wp\/v2\/comments?post=1752"}],"version-history":[{"count":12,"href":"https:\/\/lisbonsecrets.com\/fr\/wp-json\/wp\/v2\/pages\/1752\/revisions"}],"predecessor-version":[{"id":2947,"href":"https:\/\/lisbonsecrets.com\/fr\/wp-json\/wp\/v2\/pages\/1752\/revisions\/2947"}],"wp:featuredmedia":[{"embeddable":true,"href":"https:\/\/lisbonsecrets.com\/fr\/wp-json\/wp\/v2\/media\/410"}],"wp:attachment":[{"href":"https:\/\/lisbonsecrets.com\/fr\/wp-json\/wp\/v2\/media?parent=1752"}],"curies":[{"name":"wp","href":"https:\/\/api.w.org\/{rel}","templated":true}]}}